{"id":1747,"date":"2025-11-18T20:24:07","date_gmt":"2025-11-18T20:24:07","guid":{"rendered":"https:\/\/essabarperfumes.com\/?post_type=product&#038;p=1747"},"modified":"2025-11-18T20:24:07","modified_gmt":"2025-11-18T20:24:07","slug":"gucci-guilty-pour-homme","status":"publish","type":"product","link":"https:\/\/essabarperfumes.com\/ar\/product\/gucci-guilty-pour-homme\/","title":{"rendered":"Gucci Guilty pour Homme"},"content":{"rendered":"","protected":false},"excerpt":{"rendered":"<ul>\n<li><strong>\u0627\u0644\u0645\u0643\u0648\u0646\u0627\u062a \u0627\u0644\u0639\u0644\u064a\u0627<\/strong> : Gen\u00e9vrier, Lavande, Citron<\/li>\n<li><strong>\u0627\u0644\u0645\u0643\u0648\u0646\u0627\u062a \u0627\u0644\u0648\u0633\u0637\u0649<\/strong> : Fleur d&rsquo;oranger, Noix de muscade, Ciste d&rsquo;Espagne<\/li>\n<li><strong>\u0627\u0644\u0645\u0643\u0648\u0646\u0627\u062a \u0627\u0644\u0623\u0633\u0627\u0633\u064a\u0629<\/strong> : Bois sec, Patchouli, Musc<\/li>\n<\/ul>\n<blockquote><p>Fra\u00eecheur aromatique et citronn\u00e9e \u00e0 l\u2019ouverture. Le c\u0153ur floral et \u00e9pic\u00e9 s\u2019\u00e9panouit sur un fond bois\u00e9 et musqu\u00e9, chaleureux et \u00e9l\u00e9gant.<\/p><\/blockquote>","protected":false},"featured_media":1665,"template":"","meta":{"site-sidebar-layout":"default","site-content-layout":"","ast-site-content-layout":"default","site-content-style":"default","site-sidebar-style":"default","ast-global-header-display":"","ast-banner-title-visibility":"","ast-main-header-display":"","ast-hfb-above-header-display":"","ast-hfb-below-header-display":"","ast-hfb-mobile-header-display":"","site-post-title":"","ast-breadcrumbs-content":"","ast-featured-img":"","footer-sml-layout":"","theme-transparent-header-meta":"default","adv-header-id-meta":"","stick-header-meta":"","header-above-stick-meta":"","header-main-stick-meta":"","header-below-stick-meta":"","astra-migrate-meta-layouts":"set","ast-page-background-enabled":"default","ast-page-background-meta":{"desktop":{"background-color":"","background-image":"","background-repeat":"repeat","background-position":"center center","background-size":"auto","background-attachment":"scroll","background-type":"","background-media":"","overlay-type":"","overlay-color":"","overlay-opacity":"","overlay-gradient":""},"tablet":{"background-color":"","background-image":"","background-repeat":"repeat","background-position":"center center","background-size":"auto","background-attachment":"scroll","background-type":"","background-media":"","overlay-type":"","overlay-color":"","overlay-opacity":"","overlay-gradient":""},"mobile":{"background-color":"","background-image":"","background-repeat":"repeat","background-position":"center center","background-size":"auto","background-attachment":"scroll","background-type":"","background-media":"","overlay-type":"","overlay-color":"","overlay-opacity":"","overlay-gradient":""}},"ast-content-background-meta":{"desktop":{"background-color":"var(--ast-global-color-5)","background-image":"","background-repeat":"repeat","background-position":"center center","background-size":"auto","background-attachment":"scroll","background-type":"","background-media":"","overlay-type":"","overlay-color":"","overlay-opacity":"","overlay-gradient":""},"tablet":{"background-color":"var(--ast-global-color-5)","background-image":"","background-repeat":"repeat","background-position":"center center","background-size":"auto","background-attachment":"scroll","background-type":"","background-media":"","overlay-type":"","overlay-color":"","overlay-opacity":"","overlay-gradient":""},"mobile":{"background-color":"var(--ast-global-color-5)","background-image":"","background-repeat":"repeat","background-position":"center center","background-size":"auto","background-attachment":"scroll","background-type":"","background-media":"","overlay-type":"","overlay-color":"","overlay-opacity":"","overlay-gradient":""}}},"product_brand":[],"product_cat":[15],"product_tag":[],"class_list":{"0":"post-1747","1":"product","2":"type-product","3":"status-publish","4":"has-post-thumbnail","6":"product_cat-homme","7":"desktop-align-left","8":"tablet-align-left","9":"mobile-align-left","11":"first","12":"instock","13":"shipping-taxable","14":"product-type-simple"},"_links":{"self":[{"href":"https:\/\/essabarperfumes.com\/ar\/wp-json\/wp\/v2\/product\/1747","targetHints":{"allow":["GET"]}}],"collection":[{"href":"https:\/\/essabarperfumes.com\/ar\/wp-json\/wp\/v2\/product"}],"about":[{"href":"https:\/\/essabarperfumes.com\/ar\/wp-json\/wp\/v2\/types\/product"}],"wp:featuredmedia":[{"embeddable":true,"href":"https:\/\/essabarperfumes.com\/ar\/wp-json\/wp\/v2\/media\/1665"}],"wp:attachment":[{"href":"https:\/\/essabarperfumes.com\/ar\/wp-json\/wp\/v2\/media?parent=1747"}],"wp:term":[{"taxonomy":"product_brand","embeddable":true,"href":"https:\/\/essabarperfumes.com\/ar\/wp-json\/wp\/v2\/product_brand?post=1747"},{"taxonomy":"product_cat","embeddable":true,"href":"https:\/\/essabarperfumes.com\/ar\/wp-json\/wp\/v2\/product_cat?post=1747"},{"taxonomy":"product_tag","embeddable":true,"href":"https:\/\/essabarperfumes.com\/ar\/wp-json\/wp\/v2\/product_tag?post=1747"}],"curies":[{"name":"wp","href":"https:\/\/api.w.org\/{rel}","templated":true}]}}